{"id":45,"date":"2023-08-10T18:46:59","date_gmt":"2023-08-10T18:46:59","guid":{"rendered":"https:\/\/6pekk.hu\/offerings\/"},"modified":"2025-10-22T08:18:09","modified_gmt":"2025-10-22T07:18:09","slug":"szolgaltatasok","status":"publish","type":"page","link":"https:\/\/6pekk.hu\/en\/szolgaltatasok\/","title":{"rendered":"Our Services"},"content":{"rendered":"<div data-elementor-type=\"wp-page\" data-elementor-id=\"45\" class=\"elementor elementor-45\">\n\t\t\t\t<div class=\"elementor-element elementor-element-6a3c3f24 e-flex e-con-boxed e-con e-parent\" data-id=\"6a3c3f24\" data-element_type=\"container\" data-core-v316-plus=\"true\">\n\t\t\t\t\t<div class=\"e-con-inner\">\n\t\t\t\t<div class=\"elementor-element elementor-element-1ff995a elementor-widget elementor-widget-text-editor\" data-id=\"1ff995a\" data-element_type=\"widget\" data-widget_type=\"text-editor.default\">\n\t\t\t\t<div class=\"elementor-widget-container\">\n\t\t\t<style>\/*! elementor - v3.20.0 - 26-03-2024 *\/\n.elementor-widget-text-editor.elementor-drop-cap-view-stacked .elementor-drop-cap{background-color:#69727d;color:#fff}.elementor-widget-text-editor.elementor-drop-cap-view-framed .elementor-drop-cap{color:#69727d;border:3px solid;background-color:transparent}.elementor-widget-text-editor:not(.elementor-drop-cap-view-default) .elementor-drop-cap{margin-top:8px}.elementor-widget-text-editor:not(.elementor-drop-cap-view-default) .elementor-drop-cap-letter{width:1em;height:1em}.elementor-widget-text-editor .elementor-drop-cap{float:left;text-align:center;line-height:1;font-size:50px}.elementor-widget-text-editor .elementor-drop-cap-letter{display:inline-block}<\/style>\t\t\t\t<h1 style=\"box-sizing: inherit; font-style: normal; margin-bottom: 50px; word-break: break-word;\">Choose the Service that Best Suits You<\/h1><p>\u00a0<\/p><div class=\"wp-block-uagb-advanced-heading uagb-block-27006203\"><h6 class=\"uagb-desc-text\">If you spend these 3 months at any <strong>Fitness 5 &amp; Gym,<\/strong>the first month's pass is <strong>FREE<\/strong>. Just inform the reception that you are a <strong>6pekk <\/strong>member.<\/h6><\/div><div class=\"wp-block-uagb-info-box uagb-block-d67bb4e5 uagb-infobox__content-wrap  uagb-infobox-icon-above-title uagb-infobox-image-valign-top\"><div class=\"uagb-ifb-content\"><h3 class=\"uagb-ifb-title-wrap\">\u00a0<\/h3><\/div><\/div>\t\t\t\t\t\t<\/div>\n\t\t\t\t<\/div>\n\t\t\t\t\t<\/div>\n\t\t\t\t<\/div>\n\t\t<div class=\"elementor-element elementor-element-b543481 e-flex e-con-boxed e-con e-parent\" data-id=\"b543481\" data-element_type=\"container\" data-core-v316-plus=\"true\">\n\t\t\t\t\t<div class=\"e-con-inner\">\n\t\t<div class=\"elementor-element elementor-element-4c4b464 e-con-full e-flex e-con e-child\" data-id=\"4c4b464\" data-element_type=\"container\">\n\t\t\t\t<div class=\"elementor-element elementor-element-df55096 elementor-widget elementor-widget-image\" data-id=\"df55096\" data-element_type=\"widget\" data-widget_type=\"image.default\">\n\t\t\t\t<div class=\"elementor-widget-container\">\n\t\t\t<style>\/*! elementor - v3.20.0 - 26-03-2024 *\/\n.elementor-widget-image{text-align:center}.elementor-widget-image a{display:inline-block}.elementor-widget-image a img[src$=\".svg\"]{width:48px}.elementor-widget-image img{vertical-align:middle;display:inline-block}<\/style>\t\t\t\t\t\t\t\t\t\t<img fetchpriority=\"high\" decoding=\"async\" width=\"683\" height=\"1024\" src=\"https:\/\/6pekk.hu\/wp-content\/uploads\/2025\/04\/FTS5_105-683x1024.jpeg\" class=\"attachment-large size-large wp-image-2793\" alt=\"\" srcset=\"https:\/\/6pekk.hu\/wp-content\/uploads\/2025\/04\/FTS5_105-683x1024.jpeg 683w, https:\/\/6pekk.hu\/wp-content\/uploads\/2025\/04\/FTS5_105-200x300.jpeg 200w, https:\/\/6pekk.hu\/wp-content\/uploads\/2025\/04\/FTS5_105-768x1151.jpeg 768w, https:\/\/6pekk.hu\/wp-content\/uploads\/2025\/04\/FTS5_105-1025x1536.jpeg 1025w, https:\/\/6pekk.hu\/wp-content\/uploads\/2025\/04\/FTS5_105-1366x2048.jpeg 1366w, https:\/\/6pekk.hu\/wp-content\/uploads\/2025\/04\/FTS5_105-8x12.jpeg 8w, https:\/\/6pekk.hu\/wp-content\/uploads\/2025\/04\/FTS5_105-scaled.jpeg 1708w\" sizes=\"(max-width: 683px) 100vw, 683px\" \/>\t\t\t\t\t\t\t\t\t\t\t\t\t<\/div>\n\t\t\t\t<\/div>\n\t\t\t\t<div class=\"elementor-element elementor-element-11e252f elementor-widget elementor-widget-text-editor\" data-id=\"11e252f\" data-element_type=\"widget\" data-widget_type=\"text-editor.default\">\n\t\t\t\t<div class=\"elementor-widget-container\">\n\t\t\t\t\t\t\t\t\t\t\t\t\t<\/div>\n\t\t\t\t<\/div>\n\t\t\t\t<\/div>\n\t\t<div class=\"elementor-element elementor-element-a1188ad e-con-full e-flex e-con e-child\" data-id=\"a1188ad\" data-element_type=\"container\">\n\t\t\t\t<div class=\"elementor-element elementor-element-c5984e0 elementor-widget elementor-widget-text-editor\" data-id=\"c5984e0\" data-element_type=\"widget\" data-widget_type=\"text-editor.default\">\n\t\t\t\t<div class=\"elementor-widget-container\">\n\t\t\t\t\t\t\t<h3 style=\"box-sizing: inherit; font-style: normal; margin-bottom: 15px; word-break: break-word;\">3-Month Transformation<\/h3><div style=\"box-sizing: inherit; word-break: break-word; font-size: 0px; display: inline-block; margin: 0px 0px 15px; border-top-width: 2px; width: 45.890625px; caret-color: #4b4f58; color: #4b4f58; font-family: 'Work Sans', sans-serif;\">\u00a0<\/div><p style=\"box-sizing: inherit; font-size: 16px; font-style: normal; margin-bottom: 0px; word-break: break-word; caret-color: #4b4f58; color: #4b4f58; font-family: 'Work Sans', sans-serif;\">Personalized workout plan<br style=\"box-sizing: inherit;\" \/>Personalized diet plan<br style=\"box-sizing: inherit;\" \/>Instructional videos on exercises and their correct execution<br style=\"box-sizing: inherit;\" \/>Food intolerance test (custom pricing for existing results)<br style=\"box-sizing: inherit;\" \/>Physiotherapist<br style=\"box-sizing: inherit;\" \/>Online mentoring<br style=\"box-sizing: inherit;\" \/>Progress tracking<\/p><p style=\"box-sizing: inherit; font-size: 16px; font-style: normal; margin-bottom: 0px; word-break: break-word; caret-color: #4b4f58; color: #4b4f58; font-family: 'Work Sans', sans-serif;\"><strong>955 EUR<\/strong><\/p>\t\t\t\t\t\t<\/div>\n\t\t\t\t<\/div>\n\t\t\t\t<div class=\"elementor-element elementor-element-08111ce elementor-widget elementor-widget-button\" data-id=\"08111ce\" data-element_type=\"widget\" data-widget_type=\"button.default\">\n\t\t\t\t<div class=\"elementor-widget-container\">\n\t\t\t\t\t<div class=\"elementor-button-wrapper\">\n\t\t\t<a class=\"elementor-button elementor-button-link elementor-size-sm\" href=\"https:\/\/6pekk.hu\/en\/3-honapos-atalakulas\/\">\n\t\t\t\t\t\t<span class=\"elementor-button-content-wrapper\">\n\t\t\t\t\t\t<span class=\"elementor-button-text\">Learn More<\/span>\n\t\t<\/span>\n\t\t\t\t\t<\/a>\n\t\t<\/div>\n\t\t\t\t<\/div>\n\t\t\t\t<\/div>\n\t\t\t\t<\/div>\n\t\t\t\t\t<\/div>\n\t\t\t\t<\/div>\n\t\t<div class=\"elementor-element elementor-element-5bc7223 e-flex e-con-boxed e-con e-parent\" data-id=\"5bc7223\" data-element_type=\"container\" data-core-v316-plus=\"true\">\n\t\t\t\t\t<div class=\"e-con-inner\">\n\t\t<div class=\"elementor-element elementor-element-8c41029 e-con-full e-flex e-con e-child\" data-id=\"8c41029\" data-element_type=\"container\">\n\t\t\t\t<div class=\"elementor-element elementor-element-0303e42 elementor-widget elementor-widget-image\" data-id=\"0303e42\" data-element_type=\"widget\" data-widget_type=\"image.default\">\n\t\t\t\t<div class=\"elementor-widget-container\">\n\t\t\t\t\t\t\t\t\t\t\t\t\t<img decoding=\"async\" width=\"1024\" height=\"683\" src=\"https:\/\/6pekk.hu\/wp-content\/uploads\/2025\/10\/ChatGPT-Image-2025.-okt.-22.-09_14_07-1024x683.png\" class=\"attachment-large size-large wp-image-2827\" alt=\"\" srcset=\"https:\/\/6pekk.hu\/wp-content\/uploads\/2025\/10\/ChatGPT-Image-2025.-okt.-22.-09_14_07-1024x683.png 1024w, https:\/\/6pekk.hu\/wp-content\/uploads\/2025\/10\/ChatGPT-Image-2025.-okt.-22.-09_14_07-300x200.png 300w, https:\/\/6pekk.hu\/wp-content\/uploads\/2025\/10\/ChatGPT-Image-2025.-okt.-22.-09_14_07-768x512.png 768w, https:\/\/6pekk.hu\/wp-content\/uploads\/2025\/10\/ChatGPT-Image-2025.-okt.-22.-09_14_07-18x12.png 18w, https:\/\/6pekk.hu\/wp-content\/uploads\/2025\/10\/ChatGPT-Image-2025.-okt.-22.-09_14_07.png 1536w\" sizes=\"(max-width: 1024px) 100vw, 1024px\" \/>\t\t\t\t\t\t\t\t\t\t\t\t\t<\/div>\n\t\t\t\t<\/div>\n\t\t\t\t<\/div>\n\t\t<div class=\"elementor-element elementor-element-395c959 e-con-full e-flex e-con e-child\" data-id=\"395c959\" data-element_type=\"container\">\n\t\t\t\t<div class=\"elementor-element elementor-element-ff4fa1b elementor-widget elementor-widget-button\" data-id=\"ff4fa1b\" data-element_type=\"widget\" data-widget_type=\"button.default\">\n\t\t\t\t<div class=\"elementor-widget-container\">\n\t\t\t\t\t<div class=\"elementor-button-wrapper\">\n\t\t\t<a class=\"elementor-button elementor-button-link elementor-size-sm\" href=\"https:\/\/6pekk.hu\/en\/etrend\/\">\n\t\t\t\t\t\t<span class=\"elementor-button-content-wrapper\">\n\t\t\t\t\t\t<span class=\"elementor-button-text\">Learn More<\/span>\n\t\t<\/span>\n\t\t\t\t\t<\/a>\n\t\t<\/div>\n\t\t\t\t<\/div>\n\t\t\t\t<\/div>\n\t\t\t\t<div class=\"elementor-element elementor-element-f0666c9 elementor-widget elementor-widget-text-editor\" data-id=\"f0666c9\" data-element_type=\"widget\" data-widget_type=\"text-editor.default\">\n\t\t\t\t<div class=\"elementor-widget-container\">\n\t\t\t\t\t\t\t<h3 class=\"uagb-heading-text\" style=\"box-sizing: inherit; font-style: normal; margin-bottom: 15px; word-break: break-word;\"><span style=\"text-align: var(--text-align);\">Online Coaching<\/span><span style=\"caret-color: #4b4f58; color: #4b4f58; font-family: 'Work Sans', sans-serif; font-size: 0px; font-weight: var( --e-global-typography-text-font-weight ); text-align: var(--text-align);\">\u00a0<\/span><\/h3><p class=\"uagb-desc-text\">Personalized workout plan<br \/>Napl\u00f3z\u00e1s<br \/>Folyamatos nyomonk\u00f6vet\u00e9s \u00e9s kapcsolattart\u00e1s<br \/>Havi 1 online vagy szem\u00e9lyes meeting<\/p><p class=\"uagb-desc-text\">+ opcion\u00e1lisan szem\u00e9lyre szabott \u00e9trend \u00e9s t\u00e1pl\u00e1l\u00e9kkieg\u00e9sz\u00edt\u00e9s<\/p><p><strong>Havi 29.990 Ft<\/strong><\/p>\t\t\t\t\t\t<\/div>\n\t\t\t\t<\/div>\n\t\t\t\t<\/div>\n\t\t\t\t\t<\/div>\n\t\t\t\t<\/div>\n\t\t<div class=\"elementor-element elementor-element-f6007aa e-flex e-con-boxed e-con e-parent\" data-id=\"f6007aa\" data-element_type=\"container\" data-core-v316-plus=\"true\">\n\t\t\t\t\t<div class=\"e-con-inner\">\n\t\t<div class=\"elementor-element elementor-element-938ea92 e-con-full e-flex e-con e-child\" data-id=\"938ea92\" data-element_type=\"container\">\n\t\t\t\t<div class=\"elementor-element elementor-element-4ba570d elementor-widget elementor-widget-image\" data-id=\"4ba570d\" data-element_type=\"widget\" data-widget_type=\"image.default\">\n\t\t\t\t<div class=\"elementor-widget-container\">\n\t\t\t\t\t\t\t\t\t\t\t\t\t<img decoding=\"async\" width=\"1024\" height=\"1024\" src=\"https:\/\/6pekk.hu\/wp-content\/uploads\/2024\/03\/Firefly-egy-MacBook-amin-sulyzos-edzes-kefttlebell-es-mernoki-eszkozok-vannak-ugy-hogy-ne-a-monitor-2-1024x1024.webp\" class=\"attachment-large size-large wp-image-2274\" alt=\"\" srcset=\"https:\/\/6pekk.hu\/wp-content\/uploads\/2024\/03\/Firefly-egy-MacBook-amin-sulyzos-edzes-kefttlebell-es-mernoki-eszkozok-vannak-ugy-hogy-ne-a-monitor-2-1024x1024.webp 1024w, https:\/\/6pekk.hu\/wp-content\/uploads\/2024\/03\/Firefly-egy-MacBook-amin-sulyzos-edzes-kefttlebell-es-mernoki-eszkozok-vannak-ugy-hogy-ne-a-monitor-2-300x300.webp 300w, https:\/\/6pekk.hu\/wp-content\/uploads\/2024\/03\/Firefly-egy-MacBook-amin-sulyzos-edzes-kefttlebell-es-mernoki-eszkozok-vannak-ugy-hogy-ne-a-monitor-2-150x150.webp 150w, https:\/\/6pekk.hu\/wp-content\/uploads\/2024\/03\/Firefly-egy-MacBook-amin-sulyzos-edzes-kefttlebell-es-mernoki-eszkozok-vannak-ugy-hogy-ne-a-monitor-2-768x768.webp 768w, https:\/\/6pekk.hu\/wp-content\/uploads\/2024\/03\/Firefly-egy-MacBook-amin-sulyzos-edzes-kefttlebell-es-mernoki-eszkozok-vannak-ugy-hogy-ne-a-monitor-2-1536x1536.webp 1536w, https:\/\/6pekk.hu\/wp-content\/uploads\/2024\/03\/Firefly-egy-MacBook-amin-sulyzos-edzes-kefttlebell-es-mernoki-eszkozok-vannak-ugy-hogy-ne-a-monitor-2.webp 1920w\" sizes=\"(max-width: 1024px) 100vw, 1024px\" \/>\t\t\t\t\t\t\t\t\t\t\t\t\t<\/div>\n\t\t\t\t<\/div>\n\t\t\t\t<\/div>\n\t\t<div class=\"elementor-element elementor-element-202d0e7 e-con-full e-flex e-con e-child\" data-id=\"202d0e7\" data-element_type=\"container\">\n\t\t\t\t<div class=\"elementor-element elementor-element-68db3be elementor-widget elementor-widget-text-editor\" data-id=\"68db3be\" data-element_type=\"widget\" data-widget_type=\"text-editor.default\">\n\t\t\t\t<div class=\"elementor-widget-container\">\n\t\t\t\t\t\t\t<h3 style=\"box-sizing: inherit; font-style: normal; margin-bottom: 15px; word-break: break-word;\">Diet\u00a0<strong style=\"box-sizing: inherit;\">&amp;<\/strong>\u00a0Workout Plan<\/h3><div style=\"box-sizing: inherit; word-break: break-word; font-size: 0px; display: inline-block; margin: 0px 0px 15px; border-top-width: 2px; width: 45.890625px; caret-color: #4b4f58; color: #4b4f58; font-family: 'Work Sans', sans-serif;\">\u00a0<\/div><p style=\"box-sizing: inherit; font-size: 16px; font-style: normal; margin-bottom: 0px; word-break: break-word; caret-color: #4b4f58; color: #4b4f58; font-family: 'Work Sans', sans-serif;\">Personalized workout plan<br style=\"box-sizing: inherit;\" \/>Personalized diet plan<br style=\"box-sizing: inherit;\" \/>Instructional videos on exercises and their correct execution<br style=\"box-sizing: inherit;\" \/>Online mentoring<br style=\"box-sizing: inherit;\" \/>Progress tracking<\/p><p style=\"box-sizing: inherit; font-size: 16px; font-style: normal; margin-bottom: 0px; word-break: break-word; caret-color: #4b4f58; color: #4b4f58; font-family: 'Work Sans', sans-serif;\"><strong>229 EUR<\/strong><\/p>\t\t\t\t\t\t<\/div>\n\t\t\t\t<\/div>\n\t\t\t\t<div class=\"elementor-element elementor-element-a559fc4 elementor-widget elementor-widget-button\" data-id=\"a559fc4\" data-element_type=\"widget\" data-widget_type=\"button.default\">\n\t\t\t\t<div class=\"elementor-widget-container\">\n\t\t\t\t\t<div class=\"elementor-button-wrapper\">\n\t\t\t<a class=\"elementor-button elementor-button-link elementor-size-sm\" href=\"https:\/\/6pekk.hu\/en\/etrend-es-edzesterv\/\">\n\t\t\t\t\t\t<span class=\"elementor-button-content-wrapper\">\n\t\t\t\t\t\t<span class=\"elementor-button-text\">Learn More<\/span>\n\t\t<\/span>\n\t\t\t\t\t<\/a>\n\t\t<\/div>\n\t\t\t\t<\/div>\n\t\t\t\t<\/div>\n\t\t\t\t<\/div>\n\t\t\t\t\t<\/div>\n\t\t\t\t<\/div>\n\t\t<div class=\"elementor-element elementor-element-0fb9a8e e-flex e-con-boxed e-con e-parent\" data-id=\"0fb9a8e\" data-element_type=\"container\" data-core-v316-plus=\"true\">\n\t\t\t\t\t<div class=\"e-con-inner\">\n\t\t<div class=\"elementor-element elementor-element-6a5b1f5 e-con-full e-flex e-con e-child\" data-id=\"6a5b1f5\" data-element_type=\"container\">\n\t\t\t\t<div class=\"elementor-element elementor-element-d3e45af elementor-widget elementor-widget-image\" data-id=\"d3e45af\" data-element_type=\"widget\" data-widget_type=\"image.default\">\n\t\t\t\t<div class=\"elementor-widget-container\">\n\t\t\t\t\t\t\t\t\t\t\t\t\t<img loading=\"lazy\" decoding=\"async\" width=\"750\" height=\"938\" src=\"https:\/\/6pekk.hu\/wp-content\/uploads\/2025\/01\/Kep-2.webp\" class=\"attachment-large size-large wp-image-2782\" alt=\"\" srcset=\"https:\/\/6pekk.hu\/wp-content\/uploads\/2025\/01\/Kep-2.webp 750w, https:\/\/6pekk.hu\/wp-content\/uploads\/2025\/01\/Kep-2-240x300.webp 240w, https:\/\/6pekk.hu\/wp-content\/uploads\/2025\/01\/Kep-2-10x12.webp 10w\" sizes=\"(max-width: 750px) 100vw, 750px\" \/>\t\t\t\t\t\t\t\t\t\t\t\t\t<\/div>\n\t\t\t\t<\/div>\n\t\t\t\t<\/div>\n\t\t<div class=\"elementor-element elementor-element-ea89724 e-con-full e-flex e-con e-child\" data-id=\"ea89724\" data-element_type=\"container\">\n\t\t\t\t<div class=\"elementor-element elementor-element-49e1d58 elementor-widget elementor-widget-text-editor\" data-id=\"49e1d58\" data-element_type=\"widget\" data-widget_type=\"text-editor.default\">\n\t\t\t\t<div class=\"elementor-widget-container\">\n\t\t\t\t\t\t\t<h3 style=\"box-sizing: inherit; font-style: normal; margin-bottom: 15px; word-break: break-word;\">Personal Training<\/h3>\n<div style=\"box-sizing: inherit; word-break: break-word; font-size: 0px; display: inline-block; margin: 0px 0px 15px; border-top-width: 2px; width: 45.890625px; caret-color: #4b4f58; color: #4b4f58; font-family: 'Work Sans', sans-serif;\">&nbsp;<\/div>\n<p style=\"box-sizing: inherit; font-size: 16px; font-style: normal; margin-bottom: 0px; word-break: break-word; caret-color: #4b4f58; color: #4b4f58; font-family: 'Work Sans', sans-serif;\">Choose a trainer<br style=\"box-sizing: inherit;\">Free consultation<br style=\"box-sizing: inherit;\">60 mins \/ session<\/p>\n<p><\/p>\n<p><strong>25 EUR<\/strong><\/p>\n<p style=\"box-sizing: inherit; font-size: 16px; font-style: normal; margin-bottom: 0px; word-break: break-word; caret-color: #4b4f58; color: #4b4f58; font-family: 'Work Sans', sans-serif;\">\n<\/p><p style=\"box-sizing: inherit; font-size: 16px; font-style: normal; margin-bottom: 0px; word-break: break-word; caret-color: #4b4f58; color: #4b4f58; font-family: 'Work Sans', sans-serif;\">\n<\/p>\t\t\t\t\t\t<\/div>\n\t\t\t\t<\/div>\n\t\t\t\t<div class=\"elementor-element elementor-element-dc4db58 elementor-widget elementor-widget-button\" data-id=\"dc4db58\" data-element_type=\"widget\" data-widget_type=\"button.default\">\n\t\t\t\t<div class=\"elementor-widget-container\">\n\t\t\t\t\t<div class=\"elementor-button-wrapper\">\n\t\t\t<a class=\"elementor-button elementor-button-link elementor-size-sm\" href=\"https:\/\/6pekk.hu\/en\/szemelyi-edzes\/#\">\n\t\t\t\t\t\t<span class=\"elementor-button-content-wrapper\">\n\t\t\t\t\t\t<span class=\"elementor-button-text\">Learn More<\/span>\n\t\t<\/span>\n\t\t\t\t\t<\/a>\n\t\t<\/div>\n\t\t\t\t<\/div>\n\t\t\t\t<\/div>\n\t\t\t\t<\/div>\n\t\t\t\t\t<\/div>\n\t\t\t\t<\/div>\n\t\t<div class=\"elementor-element elementor-element-2eccc25 e-flex e-con-boxed e-con e-parent\" data-id=\"2eccc25\" data-element_type=\"container\" data-core-v316-plus=\"true\">\n\t\t\t\t\t<div class=\"e-con-inner\">\n\t\t<div class=\"elementor-element elementor-element-fcffb32 e-con-full e-flex e-con e-child\" data-id=\"fcffb32\" data-element_type=\"container\">\n\t\t\t\t<div class=\"elementor-element elementor-element-b129e35 elementor-widget elementor-widget-image\" data-id=\"b129e35\" data-element_type=\"widget\" data-widget_type=\"image.default\">\n\t\t\t\t<div class=\"elementor-widget-container\">\n\t\t\t\t\t\t\t\t\t\t\t\t\t<img loading=\"lazy\" decoding=\"async\" width=\"1024\" height=\"1024\" src=\"https:\/\/6pekk.hu\/wp-content\/uploads\/2024\/03\/Firefly-manualis-terapia-76835-1024x1024.webp\" class=\"attachment-large size-large wp-image-2276\" alt=\"\" srcset=\"https:\/\/6pekk.hu\/wp-content\/uploads\/2024\/03\/Firefly-manualis-terapia-76835-1024x1024.webp 1024w, https:\/\/6pekk.hu\/wp-content\/uploads\/2024\/03\/Firefly-manualis-terapia-76835-300x300.webp 300w, https:\/\/6pekk.hu\/wp-content\/uploads\/2024\/03\/Firefly-manualis-terapia-76835-150x150.webp 150w, https:\/\/6pekk.hu\/wp-content\/uploads\/2024\/03\/Firefly-manualis-terapia-76835-768x768.webp 768w, https:\/\/6pekk.hu\/wp-content\/uploads\/2024\/03\/Firefly-manualis-terapia-76835-1536x1536.webp 1536w, https:\/\/6pekk.hu\/wp-content\/uploads\/2024\/03\/Firefly-manualis-terapia-76835.webp 1920w\" sizes=\"(max-width: 1024px) 100vw, 1024px\" \/>\t\t\t\t\t\t\t\t\t\t\t\t\t<\/div>\n\t\t\t\t<\/div>\n\t\t\t\t<\/div>\n\t\t<div class=\"elementor-element elementor-element-79f89e4 e-con-full e-flex e-con e-child\" data-id=\"79f89e4\" data-element_type=\"container\">\n\t\t\t\t<div class=\"elementor-element elementor-element-053850d elementor-widget elementor-widget-text-editor\" data-id=\"053850d\" data-element_type=\"widget\" data-widget_type=\"text-editor.default\">\n\t\t\t\t<div class=\"elementor-widget-container\">\n\t\t\t\t\t\t\t<h3 class=\"uagb-heading-text\">Manual Therapy<\/h3><div class=\"uagb-separator\">\u00a0<\/div><p class=\"uagb-desc-text\">Assessment<br \/>Physiotherapy<br \/>Anatomy Trains \u2013 structural body treatment<br \/>S.I \u2013 therapy<br \/>Kinesio Tape application<\/p><p><strong>49 EUR<\/strong><\/p>\t\t\t\t\t\t<\/div>\n\t\t\t\t<\/div>\n\t\t\t\t<div class=\"elementor-element elementor-element-180f2dc elementor-widget elementor-widget-button\" data-id=\"180f2dc\" data-element_type=\"widget\" data-widget_type=\"button.default\">\n\t\t\t\t<div class=\"elementor-widget-container\">\n\t\t\t\t\t<div class=\"elementor-button-wrapper\">\n\t\t\t<a class=\"elementor-button elementor-button-link elementor-size-sm\" href=\"https:\/\/6pekk.hu\/en\/manualis-terapia\/\">\n\t\t\t\t\t\t<span class=\"elementor-button-content-wrapper\">\n\t\t\t\t\t\t<span class=\"elementor-button-text\">Learn More<\/span>\n\t\t<\/span>\n\t\t\t\t\t<\/a>\n\t\t<\/div>\n\t\t\t\t<\/div>\n\t\t\t\t<\/div>\n\t\t\t\t<\/div>\n\t\t\t\t\t<\/div>\n\t\t\t\t<\/div>\n\t\t\t\t<\/div>","protected":false},"excerpt":{"rendered":"<p>V\u00e1laszd ki a sz\u00e1modra legmegfelel\u0151bb szolg\u00e1ltat\u00e1st \u00a0 Amennyiben b\u00e1rmelyik Fitness 5 &amp; Gym-ben t\u00f6lten\u00e9d ezt a 3 h\u00f3napot, \u00fagy az els\u0151 havi b\u00e9rlet INGYENES. Csak jelezned kell a recepci\u00f3n, hogy a 6pekk tagja vagy. \u00a0 3 H\u00f3napos \u00e1talakul\u00e1s \u00a0 Szem\u00e9lyre szabott edz\u00e9stervSzem\u00e9lyre szabott \u00e9trendOktat\u00f3 vide\u00f3k a gyakorlatokr\u00f3l \u00e9s a helyes kivitelez\u00e9s\u00fckr\u0151l\u00c9telintolerancia teszt (megl\u00e9v\u0151 eredm\u00e9nyek eset\u00e9n [&hellip;]<\/p>","protected":false},"author":1,"featured_media":0,"parent":0,"menu_order":0,"comment_status":"closed","ping_status":"closed","template":"","meta":{"pmpro_default_level":"","_uag_custom_page_level_css":"","site-sidebar-layout":"no-sidebar","site-content-layout":"plain-container","ast-site-content-layout":"normal-width-container","site-content-style":"unboxed","site-sidebar-style":"unboxed","ast-global-header-display":"","ast-banner-title-visibility":"disabled","ast-main-header-display":"","ast-hfb-above-header-display":"","ast-hfb-below-header-display":"","ast-hfb-mobile-header-display":"","site-post-title":"","ast-breadcrumbs-content":"","ast-featured-img":"","footer-sml-layout":"","theme-transparent-header-meta":"default","adv-header-id-meta":"","stick-header-meta":"","header-above-stick-meta":"","header-main-stick-meta":"","header-below-stick-meta":"","astra-migrate-meta-layouts":"set","ast-page-background-enabled":"default","ast-page-background-meta":{"desktop":{"background-color":"var(--ast-global-color-4)","background-image":"","background-repeat":"repeat","background-position":"center center","background-size":"auto","background-attachment":"scroll","background-type":"","background-media":"","overlay-type":"","overlay-color":"","overlay-gradient":""},"tablet":{"background-color":"","background-image":"","background-repeat":"repeat","background-position":"center center","background-size":"auto","background-attachment":"scroll","background-type":"","background-media":"","overlay-type":"","overlay-color":"","overlay-gradient":""},"mobile":{"background-color":"","background-image":"","background-repeat":"repeat","background-position":"center center","background-size":"auto","background-attachment":"scroll","background-type":"","background-media":"","overlay-type":"","overlay-color":"","overlay-gradient":""}},"ast-content-background-meta":{"desktop":{"background-color":"var(--ast-global-color-5)","background-image":"","background-repeat":"repeat","background-position":"center center","background-size":"auto","background-attachment":"scroll","background-type":"","background-media":"","overlay-type":"","overlay-color":"","overlay-gradient":""},"tablet":{"background-color":"var(--ast-global-color-5)","background-image":"","background-repeat":"repeat","background-position":"center center","background-size":"auto","background-attachment":"scroll","background-type":"","background-media":"","overlay-type":"","overlay-color":"","overlay-gradient":""},"mobile":{"background-color":"var(--ast-global-color-5)","background-image":"","background-repeat":"repeat","background-position":"center center","background-size":"auto","background-attachment":"scroll","background-type":"","background-media":"","overlay-type":"","overlay-color":"","overlay-gradient":""}},"footnotes":""},"class_list":["post-45","page","type-page","status-publish","hentry","pmpro-has-access"],"uagb_featured_image_src":{"full":false,"thumbnail":false,"medium":false,"medium_large":false,"large":false,"1536x1536":false,"2048x2048":false,"trp-custom-language-flag":false},"uagb_author_info":{"display_name":"admin","author_link":"https:\/\/6pekk.hu\/en\/author\/admin\/"},"uagb_comment_info":0,"uagb_excerpt":"V\u00e1laszd ki a sz\u00e1modra legmegfelel\u0151bb szolg\u00e1ltat\u00e1st \u00a0 Amennyiben b\u00e1rmelyik Fitness 5 &amp; Gym-ben t\u00f6lten\u00e9d ezt a 3 h\u00f3napot, \u00fagy az els\u0151 havi b\u00e9rlet INGYENES. Csak jelezned kell a recepci\u00f3n, hogy a 6pekk tagja vagy. \u00a0 3 H\u00f3napos \u00e1talakul\u00e1s \u00a0 Szem\u00e9lyre szabott edz\u00e9stervSzem\u00e9lyre szabott \u00e9trendOktat\u00f3 vide\u00f3k a gyakorlatokr\u00f3l \u00e9s a helyes kivitelez\u00e9s\u00fckr\u0151l\u00c9telintolerancia teszt (megl\u00e9v\u0151 eredm\u00e9nyek eset\u00e9n&hellip;","_links":{"self":[{"href":"https:\/\/6pekk.hu\/en\/wp-json\/wp\/v2\/pages\/45","targetHints":{"allow":["GET"]}}],"collection":[{"href":"https:\/\/6pekk.hu\/en\/wp-json\/wp\/v2\/pages"}],"about":[{"href":"https:\/\/6pekk.hu\/en\/wp-json\/wp\/v2\/types\/page"}],"author":[{"embeddable":true,"href":"https:\/\/6pekk.hu\/en\/wp-json\/wp\/v2\/users\/1"}],"replies":[{"embeddable":true,"href":"https:\/\/6pekk.hu\/en\/wp-json\/wp\/v2\/comments?post=45"}],"version-history":[{"count":75,"href":"https:\/\/6pekk.hu\/en\/wp-json\/wp\/v2\/pages\/45\/revisions"}],"predecessor-version":[{"id":2833,"href":"https:\/\/6pekk.hu\/en\/wp-json\/wp\/v2\/pages\/45\/revisions\/2833"}],"wp:attachment":[{"href":"https:\/\/6pekk.hu\/en\/wp-json\/wp\/v2\/media?parent=45"}],"curies":[{"name":"wp","href":"https:\/\/api.w.org\/{rel}","templated":true}]}}