{"id":2265,"date":"2024-03-31T11:20:06","date_gmt":"2024-03-31T10:20:06","guid":{"rendered":"https:\/\/6pekk.hu\/?page_id=2265"},"modified":"2024-08-05T11:05:47","modified_gmt":"2024-08-05T10:05:47","slug":"edzesterv","status":"publish","type":"page","link":"https:\/\/6pekk.hu\/en\/edzesterv\/","title":{"rendered":"Workout Plan"},"content":{"rendered":"<div class=\"wp-block-uagb-container uagb-block-c61f8af5 alignfull uagb-is-root-container\">\r\n<div class=\"uagb-container-inner-blocks-wrap\">\r\n<div class=\"wp-block-uagb-advanced-heading uagb-block-a9f61422\">\r\n<h1 class=\"uagb-heading-text\">Comprehensive Solution for Transformation<\/h1>\r\n<\/div>\r\n<\/div>\r\n<\/div>\r\n\r\n\r\n\r\n<div class=\"wp-block-uagb-container uagb-block-d5a4d08b alignfull uagb-is-root-container\">\r\n<div class=\"uagb-container-inner-blocks-wrap\">\r\n<div class=\"wp-block-uagb-advanced-heading uagb-block-72cf41da\">\r\n<h2 class=\"uagb-heading-text\">Choose the Service that Best Suits You<\/h2>\r\n<div class=\"uagb-separator\">\u00a0<\/div>\r\n<\/div>\r\n\r\n\r\n\r\n<div class=\"wp-block-uagb-container uagb-block-1566550c\">\r\n<div class=\"wp-block-uagb-container uagb-block-edcdc1f2\">\r\n<div class=\"wp-block-uagb-image alignleft uagb-block-1b238a99 wp-block-uagb-image--layout-default wp-block-uagb-image--effect-static wp-block-uagb-image--align-left\">\r\n<figure class=\"wp-block-uagb-image__figure\"><img fetchpriority=\"high\" decoding=\"async\" class=\"uag-image-2271\" title=\"\" src=\"https:\/\/6pekk.hu\/wp-content\/uploads\/2024\/03\/Firefly-egy-MacBook-amin-sulyzos-edzes-kefttlebell-es-mernoki-eszkozok-vannak-ugy-hogy-ne-a-monitor-1-300x300.webp\" sizes=\"(max-width: 480px) 150px\" srcset=\"https:\/\/6pekk.hu\/wp-content\/uploads\/2024\/03\/Firefly-egy-MacBook-amin-sulyzos-edzes-kefttlebell-es-mernoki-eszkozok-vannak-ugy-hogy-ne-a-monitor-1-300x300.webp ,https:\/\/6pekk.hu\/wp-content\/uploads\/2024\/03\/Firefly-egy-MacBook-amin-sulyzos-edzes-kefttlebell-es-mernoki-eszkozok-vannak-ugy-hogy-ne-a-monitor-1.webp 780w, https:\/\/6pekk.hu\/wp-content\/uploads\/2024\/03\/Firefly-egy-MacBook-amin-sulyzos-edzes-kefttlebell-es-mernoki-eszkozok-vannak-ugy-hogy-ne-a-monitor-1.webp 360w\" alt=\"\" width=\"344\" height=\"341\" \/><\/figure>\r\n<\/div>\r\n<\/div>\r\n\r\n\r\n\r\n<div class=\"wp-block-uagb-container uagb-block-617ff4d0\">\r\n<div class=\"wp-block-uagb-advanced-heading uagb-block-27006203\">\r\n<h3 class=\"uagb-heading-text\">Workout Plan<\/h3>\r\n<div class=\"uagb-separator\">\u00a0<\/div>\r\n<p class=\"uagb-desc-text\">Personalized workout plan<br \/>Instructional videos on exercises and their correct execution<br \/>Online mentoring<br \/>Progress tracking<br \/><br \/>If you spend these 3 months at any <strong>Fitness 5 &amp; Gym,<\/strong>the first month's pass is <strong>FREE<\/strong>. Just inform the reception that you are a <strong>6pekk <\/strong>member.<\/p>\r\n<\/div>\r\n\r\n\r\n\r\n<div class=\"wp-block-uagb-info-box uagb-block-d67bb4e5 uagb-infobox__content-wrap  uagb-infobox-icon-above-title uagb-infobox-image-valign-top\">\r\n<div class=\"uagb-ifb-content\">\r\n<div class=\"uagb-ifb-title-wrap\">\r\n<p class=\"uagb-ifb-title\"><strong>79 EUR <\/strong><\/p>\r\n<\/div>\r\n<\/div>\r\n<\/div>\r\n<\/div>\r\n<\/div>\r\n\r\n\r\n\r\n<div class=\"wp-block-uagb-container uagb-block-492be0a8\">\r\n<div class=\"wp-block-uagb-advanced-heading uagb-block-ed648f4d\">\r\n<h2 class=\"uagb-heading-text\">How It Works<\/h2>\r\n<\/div>\r\n\r\n\r\n\r\n<p>&nbsp;<\/p>\r\n\r\n\r\n\r\n<ol class=\"wp-block-list\">\r\n<li><strong>Application and Contact:<\/strong> Apply for the transformation program online. We will reach out to you to finalize details and provide additional information.<\/li>\r\n\r\n\r\n\r\n<li><strong>Customized Plan Creation:<\/strong> Based on the results of the assessment and any relevant tests, we will create a personalized workout plan for you.<\/li>\r\n\r\n\r\n\r\n<li><strong>Online Instructional Videos and Support:<\/strong> Along with the workout plan, we provide online instructional videos and continuous support for any questions that arise during your training.<\/li>\r\n\r\n\r\n\r\n<li><strong>Continuous Monitoring and Mentoring for 3 Months:<\/strong> We will continuously monitor and mentor you for 3 months to ensure you achieve your goals and your transformation is successful.<\/li>\r\n<\/ol>\r\n<\/div>\r\n<\/div>\r\n<\/div>\r\n\r\n\r\n\n<div class=\"wp-block-uagb-container uagb-block-8c3a3045 alignfull uagb-is-root-container\">\n<div class=\"wp-block-uagb-container uagb-block-9762f834\">\n<div class=\"wp-block-uagb-container uagb-block-9ad3a3e8\">\n<div class=\"wp-block-uagb-info-box uagb-block-f48d4988 uagb-infobox__content-wrap  uagb-infobox-icon-above-title uagb-infobox-image-valign-top\"><div class=\"uagb-ifb-content\"><div class=\"uagb-ifb-title-wrap\"><h2 class=\"uagb-ifb-title\">Join Us Today!<\/h2><\/div><p class=\"uagb-ifb-desc\">Start living healthier. Get in touch with us.<\/p><div class=\"uagb-ifb-button-wrapper wp-block-button\"><a href=\"https:\/\/6pekk.hu\/en\/contact\/\" class=\"uagb-infobox-cta-link wp-block-button__link\" target=\"_self\" rel=\"noopener noreferrer\" onclick=\"return true;\" alt=\"\"><span class=\"uagb-inline-editing\">Let\u2019s Get Started!<\/span><\/a><\/div><\/div><\/div>\n<\/div>\n<\/div>\n\n\n\n<div class=\"wp-block-uagb-container uagb-block-949389a5\"><\/div>\n<\/div>","protected":false},"excerpt":{"rendered":"<p>Komplex megold\u00e1s a v\u00e1ltoz\u00e1shoz V\u00e1laszd ki a sz\u00e1modra legmegfelel\u0151bb szolg\u00e1ltat\u00e1st \u00a0 Edz\u00e9sterv \u00a0 Szem\u00e9lyre szabott edz\u00e9stervOktat\u00f3 vide\u00f3k a gyakorlatokr\u00f3l \u00e9s a helyes kivitelez\u00e9s\u00fckr\u0151lOnline mentor\u00e1l\u00e1sNyomonk\u00f6vet\u00e9s Amennyiben b\u00e1rmelyik Fitness 5 &amp; Gym-ben t\u00f6lten\u00e9d ezt a 3 h\u00f3napot, \u00fagy az els\u0151 havi b\u00e9rlet INGYENES. Csak jelezned kell a recepci\u00f3n, hogy a 6pekk tagja vagy. Mi a menete? &nbsp;<\/p>","protected":false},"author":1,"featured_media":0,"parent":0,"menu_order":0,"comment_status":"closed","ping_status":"closed","template":"","meta":{"pmpro_default_level":"","_uag_custom_page_level_css":"","site-sidebar-layout":"no-sidebar","site-content-layout":"plain-container","ast-site-content-layout":"normal-width-container","site-content-style":"unboxed","site-sidebar-style":"unboxed","ast-global-header-display":"","ast-banner-title-visibility":"disabled","ast-main-header-display":"","ast-hfb-above-header-display":"","ast-hfb-below-header-display":"","ast-hfb-mobile-header-display":"","site-post-title":"","ast-breadcrumbs-content":"","ast-featured-img":"","footer-sml-layout":"","theme-transparent-header-meta":"default","adv-header-id-meta":"","stick-header-meta":"","header-above-stick-meta":"","header-main-stick-meta":"","header-below-stick-meta":"","astra-migrate-meta-layouts":"set","ast-page-background-enabled":"default","ast-page-background-meta":{"desktop":{"background-color":"var(--ast-global-color-4)","background-image":"","background-repeat":"repeat","background-position":"center center","background-size":"auto","background-attachment":"scroll","background-type":"","background-media":"","overlay-type":"","overlay-color":"","overlay-gradient":""},"tablet":{"background-color":"","background-image":"","background-repeat":"repeat","background-position":"center center","background-size":"auto","background-attachment":"scroll","background-type":"","background-media":"","overlay-type":"","overlay-color":"","overlay-gradient":""},"mobile":{"background-color":"","background-image":"","background-repeat":"repeat","background-position":"center center","background-size":"auto","background-attachment":"scroll","background-type":"","background-media":"","overlay-type":"","overlay-color":"","overlay-gradient":""}},"ast-content-background-meta":{"desktop":{"background-color":"var(--ast-global-color-5)","background-image":"","background-repeat":"repeat","background-position":"center center","background-size":"auto","background-attachment":"scroll","background-type":"","background-media":"","overlay-type":"","overlay-color":"","overlay-gradient":""},"tablet":{"background-color":"var(--ast-global-color-5)","background-image":"","background-repeat":"repeat","background-position":"center center","background-size":"auto","background-attachment":"scroll","background-type":"","background-media":"","overlay-type":"","overlay-color":"","overlay-gradient":""},"mobile":{"background-color":"var(--ast-global-color-5)","background-image":"","background-repeat":"repeat","background-position":"center center","background-size":"auto","background-attachment":"scroll","background-type":"","background-media":"","overlay-type":"","overlay-color":"","overlay-gradient":""}},"footnotes":""},"class_list":["post-2265","page","type-page","status-publish","hentry","pmpro-has-access"],"uagb_featured_image_src":{"full":false,"thumbnail":false,"medium":false,"medium_large":false,"large":false,"1536x1536":false,"2048x2048":false,"trp-custom-language-flag":false},"uagb_author_info":{"display_name":"admin","author_link":"https:\/\/6pekk.hu\/en\/author\/admin\/"},"uagb_comment_info":0,"uagb_excerpt":"Komplex megold\u00e1s a v\u00e1ltoz\u00e1shoz V\u00e1laszd ki a sz\u00e1modra legmegfelel\u0151bb szolg\u00e1ltat\u00e1st \u00a0 Edz\u00e9sterv \u00a0 Szem\u00e9lyre szabott edz\u00e9stervOktat\u00f3 vide\u00f3k a gyakorlatokr\u00f3l \u00e9s a helyes kivitelez\u00e9s\u00fckr\u0151lOnline mentor\u00e1l\u00e1sNyomonk\u00f6vet\u00e9s Amennyiben b\u00e1rmelyik Fitness 5 &amp; Gym-ben t\u00f6lten\u00e9d ezt a 3 h\u00f3napot, \u00fagy az els\u0151 havi b\u00e9rlet INGYENES. Csak jelezned kell a recepci\u00f3n, hogy a 6pekk tagja vagy. Mi a menete? &nbsp;","_links":{"self":[{"href":"https:\/\/6pekk.hu\/en\/wp-json\/wp\/v2\/pages\/2265","targetHints":{"allow":["GET"]}}],"collection":[{"href":"https:\/\/6pekk.hu\/en\/wp-json\/wp\/v2\/pages"}],"about":[{"href":"https:\/\/6pekk.hu\/en\/wp-json\/wp\/v2\/types\/page"}],"author":[{"embeddable":true,"href":"https:\/\/6pekk.hu\/en\/wp-json\/wp\/v2\/users\/1"}],"replies":[{"embeddable":true,"href":"https:\/\/6pekk.hu\/en\/wp-json\/wp\/v2\/comments?post=2265"}],"version-history":[{"count":7,"href":"https:\/\/6pekk.hu\/en\/wp-json\/wp\/v2\/pages\/2265\/revisions"}],"predecessor-version":[{"id":2718,"href":"https:\/\/6pekk.hu\/en\/wp-json\/wp\/v2\/pages\/2265\/revisions\/2718"}],"wp:attachment":[{"href":"https:\/\/6pekk.hu\/en\/wp-json\/wp\/v2\/media?parent=2265"}],"curies":[{"name":"wp","href":"https:\/\/api.w.org\/{rel}","templated":true}]}}