{"id":2263,"date":"2024-03-31T11:18:06","date_gmt":"2024-03-31T10:18:06","guid":{"rendered":"https:\/\/6pekk.hu\/?page_id=2263"},"modified":"2024-08-05T11:05:11","modified_gmt":"2024-08-05T10:05:11","slug":"manualis-terapia","status":"publish","type":"page","link":"https:\/\/6pekk.hu\/en\/manualis-terapia\/","title":{"rendered":"Manual Therapy"},"content":{"rendered":"<div class=\"wp-block-uagb-container uagb-block-c61f8af5 alignfull uagb-is-root-container\">\r\n<div class=\"uagb-container-inner-blocks-wrap\">\r\n<div class=\"wp-block-uagb-advanced-heading uagb-block-a9f61422\">\r\n<h1 class=\"uagb-heading-text\">Comprehensive Solution for Transformation<\/h1>\r\n<\/div>\r\n<\/div>\r\n<\/div>\r\n\r\n\r\n\r\n<div class=\"wp-block-uagb-container uagb-block-d5a4d08b alignfull uagb-is-root-container\">\r\n<div class=\"uagb-container-inner-blocks-wrap\">\r\n<div class=\"wp-block-uagb-advanced-heading uagb-block-72cf41da\">\r\n<h2 class=\"uagb-heading-text\">Choose the Service that Best Suits You<\/h2>\r\n<div class=\"uagb-separator\">\u00a0<\/div>\r\n<\/div>\r\n\r\n\r\n\r\n<div class=\"wp-block-uagb-container uagb-block-1566550c\">\r\n<div class=\"wp-block-uagb-container uagb-block-edcdc1f2\">\r\n<div class=\"wp-block-uagb-image alignleft uagb-block-1b238a99 wp-block-uagb-image--layout-default wp-block-uagb-image--effect-static wp-block-uagb-image--align-left\">\r\n<figure class=\"wp-block-uagb-image__figure\"><img fetchpriority=\"high\" decoding=\"async\" class=\"uag-image-2276\" title=\"\" src=\"https:\/\/6pekk.hu\/wp-content\/uploads\/2024\/03\/Firefly-manualis-terapia-76835-1024x1024.webp\" sizes=\"(max-width: 480px) 150px\" srcset=\"https:\/\/6pekk.hu\/wp-content\/uploads\/2024\/03\/Firefly-manualis-terapia-76835-1024x1024.webp ,https:\/\/6pekk.hu\/wp-content\/uploads\/2024\/03\/Firefly-manualis-terapia-76835.webp 780w, https:\/\/6pekk.hu\/wp-content\/uploads\/2024\/03\/Firefly-manualis-terapia-76835.webp 360w\" alt=\"\" width=\"348\" height=\"393\" \/><\/figure>\r\n<\/div>\r\n<\/div>\r\n\r\n\r\n\r\n<div class=\"wp-block-uagb-advanced-heading uagb-block-27006203\">\r\n<h3 class=\"uagb-heading-text\">Manual Therapy<\/h3>\r\n<div class=\"uagb-separator\">\u00a0<\/div>\r\n<p class=\"uagb-desc-text\">Assessment<br \/>Physiotherapy<br \/>Anatomy Trains \u2013 Structural Bodywork<br \/>S.I - Therapy<br \/>Kinesio Tape application<\/p>\r\n<\/div>\r\n\r\n\r\n\r\n<div class=\"wp-block-uagb-container uagb-block-617ff4d0\">\r\n<div class=\"wp-block-uagb-info-box uagb-block-d67bb4e5 uagb-infobox__content-wrap  uagb-infobox-icon-above-title uagb-infobox-image-valign-top\">\r\n<div class=\"uagb-ifb-content\">\r\n<div class=\"uagb-ifb-title-wrap\">\r\n<p class=\"uagb-ifb-title\"><strong>49 EUR <\/strong><\/p>\r\n<\/div>\r\n<\/div>\r\n<\/div>\r\n<\/div>\r\n<\/div>\r\n\r\n\r\n\r\n<div class=\"wp-block-uagb-container uagb-block-492be0a8\">\r\n<div class=\"wp-block-uagb-advanced-heading uagb-block-ed648f4d\">\r\n<h2 class=\"uagb-heading-text\">How It Works<\/h2>\r\n<\/div>\r\n\r\n\r\n\r\n<p>&nbsp;<\/p>\r\n\r\n\r\n\r\n<ol class=\"wp-block-list\">\r\n<li><strong>Application and Contact:<\/strong> Sign up for the transformation program online. We will contact you to discuss the details and share additional information.<\/li>\r\n\r\n\r\n\r\n<li><strong>Assessment with Physiotherapist:<\/strong> The first step is an assessment conducted by a physiotherapist. This includes reviewing your health history, physical examination, and discussing your goals.<\/li>\r\n\r\n\r\n\r\n<li><strong>Start Personalized Program:<\/strong> We will begin working together, focusing on solutions tailored to your specific issues and goals.<\/li>\r\n<\/ol>\r\n<\/div>\r\n<\/div>\r\n<\/div>\r\n\r\n\r\n\n<div class=\"wp-block-uagb-container uagb-block-8c3a3045 alignfull uagb-is-root-container\">\n<div class=\"wp-block-uagb-container uagb-block-9762f834\">\n<div class=\"wp-block-uagb-container uagb-block-9ad3a3e8\">\n<div class=\"wp-block-uagb-info-box uagb-block-f48d4988 uagb-infobox__content-wrap  uagb-infobox-icon-above-title uagb-infobox-image-valign-top\"><div class=\"uagb-ifb-content\"><div class=\"uagb-ifb-title-wrap\"><h2 class=\"uagb-ifb-title\">Join Us Today!<\/h2><\/div><p class=\"uagb-ifb-desc\">Start living healthier. Get in touch with us.<\/p><div class=\"uagb-ifb-button-wrapper wp-block-button\"><a href=\"https:\/\/6pekk.hu\/en\/contact\/\" class=\"uagb-infobox-cta-link wp-block-button__link\" target=\"_self\" rel=\"noopener noreferrer\" onclick=\"return true;\" alt=\"\"><span class=\"uagb-inline-editing\">Let\u2019s Get Started!<\/span><\/a><\/div><\/div><\/div>\n<\/div>\n<\/div>\n\n\n\n<div class=\"wp-block-uagb-container uagb-block-949389a5\"><\/div>\n<\/div>","protected":false},"excerpt":{"rendered":"<p>Komplex megold\u00e1s a v\u00e1ltoz\u00e1shoz V\u00e1laszd ki a sz\u00e1modra legmegfelel\u0151bb szolg\u00e1ltat\u00e1st \u00a0 Manu\u00e1lis ter\u00e1pia \u00a0 \u00c1llapotfelm\u00e9r\u00e9sGy\u00f3gytornaAnatomy Trains &#8211; struktur\u00e1lis testkezel\u00e9sS.I &#8211; ter\u00e1piaKinesio Tape felhelyez\u00e9s Mi a menete? &nbsp;<\/p>","protected":false},"author":1,"featured_media":0,"parent":0,"menu_order":0,"comment_status":"closed","ping_status":"closed","template":"","meta":{"pmpro_default_level":"","_uag_custom_page_level_css":"","site-sidebar-layout":"no-sidebar","site-content-layout":"plain-container","ast-site-content-layout":"normal-width-container","site-content-style":"unboxed","site-sidebar-style":"unboxed","ast-global-header-display":"","ast-banner-title-visibility":"disabled","ast-main-header-display":"","ast-hfb-above-header-display":"","ast-hfb-below-header-display":"","ast-hfb-mobile-header-display":"","site-post-title":"","ast-breadcrumbs-content":"","ast-featured-img":"","footer-sml-layout":"","theme-transparent-header-meta":"default","adv-header-id-meta":"","stick-header-meta":"","header-above-stick-meta":"","header-main-stick-meta":"","header-below-stick-meta":"","astra-migrate-meta-layouts":"set","ast-page-background-enabled":"default","ast-page-background-meta":{"desktop":{"background-color":"var(--ast-global-color-4)","background-image":"","background-repeat":"repeat","background-position":"center center","background-size":"auto","background-attachment":"scroll","background-type":"","background-media":"","overlay-type":"","overlay-color":"","overlay-gradient":""},"tablet":{"background-color":"","background-image":"","background-repeat":"repeat","background-position":"center center","background-size":"auto","background-attachment":"scroll","background-type":"","background-media":"","overlay-type":"","overlay-color":"","overlay-gradient":""},"mobile":{"background-color":"","background-image":"","background-repeat":"repeat","background-position":"center center","background-size":"auto","background-attachment":"scroll","background-type":"","background-media":"","overlay-type":"","overlay-color":"","overlay-gradient":""}},"ast-content-background-meta":{"desktop":{"background-color":"var(--ast-global-color-5)","background-image":"","background-repeat":"repeat","background-position":"center center","background-size":"auto","background-attachment":"scroll","background-type":"","background-media":"","overlay-type":"","overlay-color":"","overlay-gradient":""},"tablet":{"background-color":"var(--ast-global-color-5)","background-image":"","background-repeat":"repeat","background-position":"center center","background-size":"auto","background-attachment":"scroll","background-type":"","background-media":"","overlay-type":"","overlay-color":"","overlay-gradient":""},"mobile":{"background-color":"var(--ast-global-color-5)","background-image":"","background-repeat":"repeat","background-position":"center center","background-size":"auto","background-attachment":"scroll","background-type":"","background-media":"","overlay-type":"","overlay-color":"","overlay-gradient":""}},"footnotes":""},"class_list":["post-2263","page","type-page","status-publish","hentry","pmpro-has-access"],"uagb_featured_image_src":{"full":false,"thumbnail":false,"medium":false,"medium_large":false,"large":false,"1536x1536":false,"2048x2048":false,"trp-custom-language-flag":false},"uagb_author_info":{"display_name":"admin","author_link":"https:\/\/6pekk.hu\/en\/author\/admin\/"},"uagb_comment_info":0,"uagb_excerpt":"Komplex megold\u00e1s a v\u00e1ltoz\u00e1shoz V\u00e1laszd ki a sz\u00e1modra legmegfelel\u0151bb szolg\u00e1ltat\u00e1st \u00a0 Manu\u00e1lis ter\u00e1pia \u00a0 \u00c1llapotfelm\u00e9r\u00e9sGy\u00f3gytornaAnatomy Trains &#8211; struktur\u00e1lis testkezel\u00e9sS.I &#8211; ter\u00e1piaKinesio Tape felhelyez\u00e9s Mi a menete? &nbsp;","_links":{"self":[{"href":"https:\/\/6pekk.hu\/en\/wp-json\/wp\/v2\/pages\/2263","targetHints":{"allow":["GET"]}}],"collection":[{"href":"https:\/\/6pekk.hu\/en\/wp-json\/wp\/v2\/pages"}],"about":[{"href":"https:\/\/6pekk.hu\/en\/wp-json\/wp\/v2\/types\/page"}],"author":[{"embeddable":true,"href":"https:\/\/6pekk.hu\/en\/wp-json\/wp\/v2\/users\/1"}],"replies":[{"embeddable":true,"href":"https:\/\/6pekk.hu\/en\/wp-json\/wp\/v2\/comments?post=2263"}],"version-history":[{"count":7,"href":"https:\/\/6pekk.hu\/en\/wp-json\/wp\/v2\/pages\/2263\/revisions"}],"predecessor-version":[{"id":2707,"href":"https:\/\/6pekk.hu\/en\/wp-json\/wp\/v2\/pages\/2263\/revisions\/2707"}],"wp:attachment":[{"href":"https:\/\/6pekk.hu\/en\/wp-json\/wp\/v2\/media?parent=2263"}],"curies":[{"name":"wp","href":"https:\/\/api.w.org\/{rel}","templated":true}]}}