{"id":2261,"date":"2024-03-31T11:13:30","date_gmt":"2024-03-31T10:13:30","guid":{"rendered":"https:\/\/6pekk.hu\/?page_id=2261"},"modified":"2025-05-05T10:48:10","modified_gmt":"2025-05-05T09:48:10","slug":"etrend-es-edzesterv","status":"publish","type":"page","link":"https:\/\/6pekk.hu\/en\/etrend-es-edzesterv\/","title":{"rendered":"Diet and Workout Plan"},"content":{"rendered":"<div class=\"wp-block-uagb-container uagb-block-c61f8af5 alignfull uagb-is-root-container\">\r\n<div class=\"uagb-container-inner-blocks-wrap\">\r\n<div class=\"wp-block-uagb-advanced-heading uagb-block-a9f61422\">\r\n<h1 class=\"uagb-heading-text\">Comprehensive Solution for Transformation<\/h1>\r\n<\/div>\r\n<\/div>\r\n<\/div>\r\n\r\n\r\n\r\n<div class=\"wp-block-uagb-container uagb-block-d5a4d08b alignfull uagb-is-root-container\">\r\n<div class=\"uagb-container-inner-blocks-wrap\">\r\n<div class=\"wp-block-uagb-advanced-heading uagb-block-72cf41da\">\r\n<h2 class=\"uagb-heading-text\">Choose the Service that Best Suits You<\/h2>\r\n<div class=\"uagb-separator\">\u00a0<\/div>\r\n<\/div>\r\n\r\n\r\n\r\n<div class=\"wp-block-uagb-container uagb-block-1566550c\">\r\n<div class=\"wp-block-uagb-container uagb-block-edcdc1f2\">\r\n<div class=\"wp-block-uagb-image alignleft uagb-block-1b238a99 wp-block-uagb-image--layout-default wp-block-uagb-image--effect-static wp-block-uagb-image--align-left\">\r\n<figure class=\"wp-block-uagb-image__figure\"><img fetchpriority=\"high\" decoding=\"async\" class=\"uag-image-2274\" title=\"\" src=\"https:\/\/6pekk.hu\/wp-content\/uploads\/2024\/03\/Firefly-egy-MacBook-amin-sulyzos-edzes-kefttlebell-es-mernoki-eszkozok-vannak-ugy-hogy-ne-a-monitor-2-1024x1024.webp\" sizes=\"(max-width: 480px) 150px\" srcset=\"https:\/\/6pekk.hu\/wp-content\/uploads\/2024\/03\/Firefly-egy-MacBook-amin-sulyzos-edzes-kefttlebell-es-mernoki-eszkozok-vannak-ugy-hogy-ne-a-monitor-2-1024x1024.webp ,https:\/\/6pekk.hu\/wp-content\/uploads\/2024\/03\/Firefly-egy-MacBook-amin-sulyzos-edzes-kefttlebell-es-mernoki-eszkozok-vannak-ugy-hogy-ne-a-monitor-2.webp 780w, https:\/\/6pekk.hu\/wp-content\/uploads\/2024\/03\/Firefly-egy-MacBook-amin-sulyzos-edzes-kefttlebell-es-mernoki-eszkozok-vannak-ugy-hogy-ne-a-monitor-2.webp 360w\" alt=\"\" width=\"379\" height=\"393\" \/><\/figure>\r\n<\/div>\r\n<\/div>\r\n\r\n\r\n\r\n<div class=\"wp-block-uagb-container uagb-block-617ff4d0\">\r\n<div class=\"wp-block-uagb-advanced-heading uagb-block-27006203\">\r\n<h3 class=\"uagb-heading-text\">Diet <strong>&amp;<\/strong> Workout Plan<\/h3>\r\n<div class=\"uagb-separator\">\u00a0<\/div>\r\n<p class=\"uagb-desc-text\">Personalized workout plan<br \/>Personalized diet plan<br \/>Instructional videos on exercises and their correct execution<br \/>Physiotherapist<br \/>Online mentoring<br \/>Progress tracking<br \/><br \/>If you spend these 3 months at any <strong>Fitness 5 &amp; Gym,<\/strong>the first month's pass is <strong>FREE<\/strong>. Just inform the reception that you are a <strong>6pekk <\/strong>member.<\/p>\r\n<\/div>\r\n\r\n\r\n\r\n<div class=\"wp-block-uagb-info-box uagb-block-d67bb4e5 uagb-infobox__content-wrap  uagb-infobox-icon-above-title uagb-infobox-image-valign-top\">\r\n<div class=\"uagb-ifb-content\">\r\n<div class=\"uagb-ifb-title-wrap\">\r\n<p class=\"uagb-ifb-title\"><strong>229 EUR <\/strong><\/p>\r\n<\/div>\r\n<\/div>\r\n<\/div>\r\n<\/div>\r\n<\/div>\r\n\r\n\r\n\r\n<div class=\"wp-block-uagb-container uagb-block-492be0a8\">\r\n<div class=\"wp-block-uagb-advanced-heading uagb-block-ed648f4d\">\r\n<h2 class=\"uagb-heading-text\">How It Works<\/h2>\r\n<\/div>\r\n\r\n\r\n\r\n<p>&nbsp;<\/p>\r\n\r\n\r\n\r\n<ol class=\"wp-block-list\">\r\n<li><strong>Application and Contact:<\/strong> Apply for the transformation program online. We will contact you to discuss the details and share additional information.<\/li>\r\n\r\n\r\n\r\n<li><strong>Assessment with Physiotherapist:<\/strong> The first step is an assessment conducted by a physiotherapist. This includes reviewing your health history, physical examination, and discussing your goals.<\/li>\r\n\r\n\r\n\r\n<li><strong>Food Intolerance Test (Recommended)<\/strong> As part of the assessment, we perform a specialized food intolerance test. This helps identify any foods or ingredients that may not be suitable for you.<\/li>\r\n\r\n\r\n\r\n<li><strong>Customized Plan Creation:<\/strong> Based on the results of the assessment and the test, we create a personalized diet and workout plan for you.<\/li>\r\n\r\n\r\n\r\n<li><strong>Online Instructional Videos and Support:<\/strong> Along with the workout plan, we provide online instructional videos and continuous support for any questions that arise during your training.<\/li>\r\n\r\n\r\n\r\n<li><strong>Continuous Monitoring and Mentoring for 3 Months:<\/strong> We will continuously monitor and mentor you for 3 months to ensure you achieve your goals and your transformation is successful.<\/li>\r\n<\/ol>\r\n<\/div>\r\n<\/div>\r\n<\/div>","protected":false},"excerpt":{"rendered":"<p>Komplex megold\u00e1s a v\u00e1ltoz\u00e1shoz V\u00e1laszd ki a sz\u00e1modra legmegfelel\u0151bb szolg\u00e1ltat\u00e1st \u00a0 \u00c9trend &amp; edz\u00e9sterv \u00a0 Szem\u00e9lyre szabott edz\u00e9stervSzem\u00e9lyre szabott \u00e9trendOktat\u00f3 vide\u00f3k a gyakorlatokr\u00f3l \u00e9s a helyes kivitelez\u00e9s\u00fckr\u0151lGy\u00f3gytorn\u00e1szOnline mentor\u00e1l\u00e1sNyomonk\u00f6vet\u00e9s Amennyiben b\u00e1rmelyik Fitness 5 &amp; Gym-ben t\u00f6lten\u00e9d ezt a 3 h\u00f3napot, \u00fagy az els\u0151 havi b\u00e9rlet INGYENES. Csak jelezned kell a recepci\u00f3n, hogy a 6pekk tagja vagy. [&hellip;]<\/p>","protected":false},"author":1,"featured_media":0,"parent":0,"menu_order":0,"comment_status":"closed","ping_status":"closed","template":"","meta":{"pmpro_default_level":"","_uag_custom_page_level_css":"","site-sidebar-layout":"no-sidebar","site-content-layout":"plain-container","ast-site-content-layout":"normal-width-container","site-content-style":"unboxed","site-sidebar-style":"unboxed","ast-global-header-display":"","ast-banner-title-visibility":"disabled","ast-main-header-display":"","ast-hfb-above-header-display":"","ast-hfb-below-header-display":"","ast-hfb-mobile-header-display":"","site-post-title":"","ast-breadcrumbs-content":"","ast-featured-img":"","footer-sml-layout":"","theme-transparent-header-meta":"default","adv-header-id-meta":"","stick-header-meta":"","header-above-stick-meta":"","header-main-stick-meta":"","header-below-stick-meta":"","astra-migrate-meta-layouts":"set","ast-page-background-enabled":"default","ast-page-background-meta":{"desktop":{"background-color":"var(--ast-global-color-4)","background-image":"","background-repeat":"repeat","background-position":"center center","background-size":"auto","background-attachment":"scroll","background-type":"","background-media":"","overlay-type":"","overlay-color":"","overlay-gradient":""},"tablet":{"background-color":"","background-image":"","background-repeat":"repeat","background-position":"center center","background-size":"auto","background-attachment":"scroll","background-type":"","background-media":"","overlay-type":"","overlay-color":"","overlay-gradient":""},"mobile":{"background-color":"","background-image":"","background-repeat":"repeat","background-position":"center center","background-size":"auto","background-attachment":"scroll","background-type":"","background-media":"","overlay-type":"","overlay-color":"","overlay-gradient":""}},"ast-content-background-meta":{"desktop":{"background-color":"var(--ast-global-color-5)","background-image":"","background-repeat":"repeat","background-position":"center center","background-size":"auto","background-attachment":"scroll","background-type":"","background-media":"","overlay-type":"","overlay-color":"","overlay-gradient":""},"tablet":{"background-color":"var(--ast-global-color-5)","background-image":"","background-repeat":"repeat","background-position":"center center","background-size":"auto","background-attachment":"scroll","background-type":"","background-media":"","overlay-type":"","overlay-color":"","overlay-gradient":""},"mobile":{"background-color":"var(--ast-global-color-5)","background-image":"","background-repeat":"repeat","background-position":"center center","background-size":"auto","background-attachment":"scroll","background-type":"","background-media":"","overlay-type":"","overlay-color":"","overlay-gradient":""}},"footnotes":""},"class_list":["post-2261","page","type-page","status-publish","hentry","pmpro-has-access"],"uagb_featured_image_src":{"full":false,"thumbnail":false,"medium":false,"medium_large":false,"large":false,"1536x1536":false,"2048x2048":false,"trp-custom-language-flag":false},"uagb_author_info":{"display_name":"admin","author_link":"https:\/\/6pekk.hu\/en\/author\/admin\/"},"uagb_comment_info":0,"uagb_excerpt":"Komplex megold\u00e1s a v\u00e1ltoz\u00e1shoz V\u00e1laszd ki a sz\u00e1modra legmegfelel\u0151bb szolg\u00e1ltat\u00e1st \u00a0 \u00c9trend &amp; edz\u00e9sterv \u00a0 Szem\u00e9lyre szabott edz\u00e9stervSzem\u00e9lyre szabott \u00e9trendOktat\u00f3 vide\u00f3k a gyakorlatokr\u00f3l \u00e9s a helyes kivitelez\u00e9s\u00fckr\u0151lGy\u00f3gytorn\u00e1szOnline mentor\u00e1l\u00e1sNyomonk\u00f6vet\u00e9s Amennyiben b\u00e1rmelyik Fitness 5 &amp; Gym-ben t\u00f6lten\u00e9d ezt a 3 h\u00f3napot, \u00fagy az els\u0151 havi b\u00e9rlet INGYENES. Csak jelezned kell a recepci\u00f3n, hogy a 6pekk tagja vagy.&hellip;","_links":{"self":[{"href":"https:\/\/6pekk.hu\/en\/wp-json\/wp\/v2\/pages\/2261","targetHints":{"allow":["GET"]}}],"collection":[{"href":"https:\/\/6pekk.hu\/en\/wp-json\/wp\/v2\/pages"}],"about":[{"href":"https:\/\/6pekk.hu\/en\/wp-json\/wp\/v2\/types\/page"}],"author":[{"embeddable":true,"href":"https:\/\/6pekk.hu\/en\/wp-json\/wp\/v2\/users\/1"}],"replies":[{"embeddable":true,"href":"https:\/\/6pekk.hu\/en\/wp-json\/wp\/v2\/comments?post=2261"}],"version-history":[{"count":11,"href":"https:\/\/6pekk.hu\/en\/wp-json\/wp\/v2\/pages\/2261\/revisions"}],"predecessor-version":[{"id":2818,"href":"https:\/\/6pekk.hu\/en\/wp-json\/wp\/v2\/pages\/2261\/revisions\/2818"}],"wp:attachment":[{"href":"https:\/\/6pekk.hu\/en\/wp-json\/wp\/v2\/media?parent=2261"}],"curies":[{"name":"wp","href":"https:\/\/api.w.org\/{rel}","templated":true}]}}