{"id":1574,"date":"2024-02-28T19:44:02","date_gmt":"2024-02-28T18:44:02","guid":{"rendered":"https:\/\/6pekk.hu\/?page_id=1574"},"modified":"2025-10-22T08:19:13","modified_gmt":"2025-10-22T07:19:13","slug":"etrend","status":"publish","type":"page","link":"https:\/\/6pekk.hu\/en\/etrend\/","title":{"rendered":"Online coaching"},"content":{"rendered":"<div class=\"wp-block-uagb-container uagb-block-c61f8af5 alignfull uagb-is-root-container\">\r\n<div class=\"uagb-container-inner-blocks-wrap\">\r\n<div class=\"wp-block-uagb-advanced-heading uagb-block-a9f61422\">\r\n<h1 class=\"uagb-heading-text\">Comprehensive Solution for Transformation<\/h1>\r\n<\/div>\r\n<\/div>\r\n<\/div>\r\n\r\n\r\n\r\n<div class=\"wp-block-uagb-container uagb-block-d5a4d08b alignfull uagb-is-root-container\">\r\n<div class=\"uagb-container-inner-blocks-wrap\">\r\n<div class=\"wp-block-uagb-advanced-heading uagb-block-72cf41da\">\r\n<h2 class=\"uagb-heading-text\">Choose the Service that Best Suits You<\/h2>\r\n<div class=\"uagb-separator\">\u00a0<\/div>\r\n<\/div>\r\n\r\n\r\n\r\n<div class=\"wp-block-uagb-container uagb-block-89e12639\">\r\n<div class=\"wp-block-uagb-container uagb-block-b07905f5\"><img fetchpriority=\"high\" decoding=\"async\" class=\"alignnone size-medium wp-image-2827\" src=\"https:\/\/6pekk.hu\/wp-content\/uploads\/2025\/10\/ChatGPT-Image-2025.-okt.-22.-09_14_07-300x200.png\" alt=\"\" width=\"300\" height=\"200\" srcset=\"https:\/\/6pekk.hu\/wp-content\/uploads\/2025\/10\/ChatGPT-Image-2025.-okt.-22.-09_14_07-300x200.png 300w, https:\/\/6pekk.hu\/wp-content\/uploads\/2025\/10\/ChatGPT-Image-2025.-okt.-22.-09_14_07-1024x683.png 1024w, https:\/\/6pekk.hu\/wp-content\/uploads\/2025\/10\/ChatGPT-Image-2025.-okt.-22.-09_14_07-768x512.png 768w, https:\/\/6pekk.hu\/wp-content\/uploads\/2025\/10\/ChatGPT-Image-2025.-okt.-22.-09_14_07-18x12.png 18w, https:\/\/6pekk.hu\/wp-content\/uploads\/2025\/10\/ChatGPT-Image-2025.-okt.-22.-09_14_07.png 1536w\" sizes=\"(max-width: 300px) 100vw, 300px\" \/><br \/><\/div>\r\n\r\n\r\n\r\n<div class=\"wp-block-uagb-container uagb-block-52b4693d\">\r\n<div class=\"wp-block-uagb-advanced-heading uagb-block-6d350afc\">\r\n<h3 class=\"uagb-heading-text\">Online Coaching<\/h3>\r\n<div class=\"uagb-separator\">\u00a0<\/div>\r\n<p class=\"uagb-desc-text\"><br \/>Personalized workout plan<br \/>Napl\u00f3z\u00e1s<br \/>Folyamatos nyomonk\u00f6vet\u00e9s \u00e9s kapcsolattart\u00e1s<br \/>Havi 1 online vagy szem\u00e9lyes meeting<\/p>\r\n<p class=\"uagb-desc-text\">+ opcion\u00e1lisan szem\u00e9lyre szabott \u00e9trend \u00e9s t\u00e1pl\u00e1l\u00e9kkieg\u00e9sz\u00edt\u00e9s, melynek \u00e1ra <strong>egyszeri 50.000<\/strong> <strong>Ft<\/strong><\/p>\r\n<\/div>\r\n\r\n\r\n\r\n<div class=\"wp-block-uagb-info-box uagb-block-3e2c37a0 uagb-infobox__content-wrap  uagb-infobox-icon-above-title uagb-infobox-image-valign-top\">\r\n<div class=\"uagb-ifb-content\">\r\n<div class=\"uagb-ifb-title-wrap\">\r\n<p class=\"uagb-ifb-title\"><strong>Havi 29.990 Ft\u00a0<\/strong><br \/><br \/><\/p>\r\n<\/div>\r\n<\/div>\r\n<\/div>\r\n<\/div>\r\n<\/div>\r\n<\/div>\r\n<\/div>\r\n<!-- \/wp:post-content -->\r\n\r\n<!-- wp:heading -->\r\n<h2 class=\"wp-block-heading\">How It Works<\/h2>\r\n<!-- \/wp:heading -->\r\n\r\n<!-- wp:list {\"ordered\":true} -->\r\n<ol><!-- wp:list-item -->\r\n<li><strong>Application and Contact:<\/strong> Jelentkezz az Online Coaching programba online. Felvessz\u00fck veled a kapcsolatot a r\u00e9szletek egyeztet\u00e9se \u00e9s tov\u00e1bbi inform\u00e1ci\u00f3k megoszt\u00e1sa c\u00e9lj\u00e1b\u00f3l.<\/li>\r\n<!-- \/wp:list-item -->\r\n\r\n<!-- wp:list-item \/--><\/ol>\r\n<!-- \/wp:list -->\r\n\r\n<!-- wp:block {\"ref\":359} \/-->\r\n\r\n<!-- wp:uagb\/container {\"block_id\":\"6479c8ae\",\"isBlockRootParent\":true} -->\r\n<div class=\"wp-block-uagb-container uagb-block-6479c8ae alignfull uagb-is-root-container\">\r\n<div class=\"uagb-container-inner-blocks-wrap\">\u00a0<\/div>\r\n<\/div>\r\n<!-- \/wp:uagb\/container -->","protected":false},"excerpt":{"rendered":"<p>Komplex megold\u00e1s a v\u00e1ltoz\u00e1shoz V\u00e1laszd ki a sz\u00e1modra legmegfelel\u0151bb szolg\u00e1ltat\u00e1st \u00a0 Online Coaching \u00a0 Szem\u00e9lyre szabott edz\u00e9stervNapl\u00f3z\u00e1sFolyamatos nyomonk\u00f6vet\u00e9s \u00e9s kapcsolattart\u00e1sHavi 1 online vagy szem\u00e9lyes meeting + opcion\u00e1lisan szem\u00e9lyre szabott \u00e9trend \u00e9s t\u00e1pl\u00e1l\u00e9kkieg\u00e9sz\u00edt\u00e9s, melynek \u00e1ra egyszeri 50.000 Ft Mi a menete? Jelentkez\u00e9s \u00e9s Kapcsolatfelv\u00e9tel: Jelentkezz az Online Coaching programba online. Felvessz\u00fck veled a kapcsolatot a r\u00e9szletek [&hellip;]<\/p>","protected":false},"author":2,"featured_media":0,"parent":0,"menu_order":0,"comment_status":"closed","ping_status":"closed","template":"","meta":{"pmpro_default_level":"","_uag_custom_page_level_css":"","site-sidebar-layout":"no-sidebar","site-content-layout":"plain-container","ast-site-content-layout":"normal-width-container","site-content-style":"unboxed","site-sidebar-style":"unboxed","ast-global-header-display":"","ast-banner-title-visibility":"disabled","ast-main-header-display":"","ast-hfb-above-header-display":"","ast-hfb-below-header-display":"","ast-hfb-mobile-header-display":"","site-post-title":"","ast-breadcrumbs-content":"","ast-featured-img":"","footer-sml-layout":"","theme-transparent-header-meta":"default","adv-header-id-meta":"","stick-header-meta":"","header-above-stick-meta":"","header-main-stick-meta":"","header-below-stick-meta":"","astra-migrate-meta-layouts":"set","ast-page-background-enabled":"default","ast-page-background-meta":{"desktop":{"background-color":"var(--ast-global-color-4)","background-image":"","background-repeat":"repeat","background-position":"center center","background-size":"auto","background-attachment":"scroll","background-type":"","background-media":"","overlay-type":"","overlay-color":"","overlay-gradient":""},"tablet":{"background-color":"","background-image":"","background-repeat":"repeat","background-position":"center center","background-size":"auto","background-attachment":"scroll","background-type":"","background-media":"","overlay-type":"","overlay-color":"","overlay-gradient":""},"mobile":{"background-color":"","background-image":"","background-repeat":"repeat","background-position":"center center","background-size":"auto","background-attachment":"scroll","background-type":"","background-media":"","overlay-type":"","overlay-color":"","overlay-gradient":""}},"ast-content-background-meta":{"desktop":{"background-color":"var(--ast-global-color-5)","background-image":"","background-repeat":"repeat","background-position":"center center","background-size":"auto","background-attachment":"scroll","background-type":"","background-media":"","overlay-type":"","overlay-color":"","overlay-gradient":""},"tablet":{"background-color":"var(--ast-global-color-5)","background-image":"","background-repeat":"repeat","background-position":"center center","background-size":"auto","background-attachment":"scroll","background-type":"","background-media":"","overlay-type":"","overlay-color":"","overlay-gradient":""},"mobile":{"background-color":"var(--ast-global-color-5)","background-image":"","background-repeat":"repeat","background-position":"center center","background-size":"auto","background-attachment":"scroll","background-type":"","background-media":"","overlay-type":"","overlay-color":"","overlay-gradient":""}},"footnotes":""},"class_list":["post-1574","page","type-page","status-publish","hentry","pmpro-has-access"],"uagb_featured_image_src":{"full":false,"thumbnail":false,"medium":false,"medium_large":false,"large":false,"1536x1536":false,"2048x2048":false,"trp-custom-language-flag":false},"uagb_author_info":{"display_name":"Bandor93","author_link":"https:\/\/6pekk.hu\/en\/author\/bandor93\/"},"uagb_comment_info":0,"uagb_excerpt":"Komplex megold\u00e1s a v\u00e1ltoz\u00e1shoz V\u00e1laszd ki a sz\u00e1modra legmegfelel\u0151bb szolg\u00e1ltat\u00e1st \u00a0 Online Coaching \u00a0 Szem\u00e9lyre szabott edz\u00e9stervNapl\u00f3z\u00e1sFolyamatos nyomonk\u00f6vet\u00e9s \u00e9s kapcsolattart\u00e1sHavi 1 online vagy szem\u00e9lyes meeting + opcion\u00e1lisan szem\u00e9lyre szabott \u00e9trend \u00e9s t\u00e1pl\u00e1l\u00e9kkieg\u00e9sz\u00edt\u00e9s, melynek \u00e1ra egyszeri 50.000 Ft Mi a menete? Jelentkez\u00e9s \u00e9s Kapcsolatfelv\u00e9tel: Jelentkezz az Online Coaching programba online. Felvessz\u00fck veled a kapcsolatot a r\u00e9szletek&hellip;","_links":{"self":[{"href":"https:\/\/6pekk.hu\/en\/wp-json\/wp\/v2\/pages\/1574","targetHints":{"allow":["GET"]}}],"collection":[{"href":"https:\/\/6pekk.hu\/en\/wp-json\/wp\/v2\/pages"}],"about":[{"href":"https:\/\/6pekk.hu\/en\/wp-json\/wp\/v2\/types\/page"}],"author":[{"embeddable":true,"href":"https:\/\/6pekk.hu\/en\/wp-json\/wp\/v2\/users\/2"}],"replies":[{"embeddable":true,"href":"https:\/\/6pekk.hu\/en\/wp-json\/wp\/v2\/comments?post=1574"}],"version-history":[{"count":11,"href":"https:\/\/6pekk.hu\/en\/wp-json\/wp\/v2\/pages\/1574\/revisions"}],"predecessor-version":[{"id":2834,"href":"https:\/\/6pekk.hu\/en\/wp-json\/wp\/v2\/pages\/1574\/revisions\/2834"}],"wp:attachment":[{"href":"https:\/\/6pekk.hu\/en\/wp-json\/wp\/v2\/media?parent=1574"}],"curies":[{"name":"wp","href":"https:\/\/api.w.org\/{rel}","templated":true}]}}