{"id":1573,"date":"2024-02-28T19:43:33","date_gmt":"2024-02-28T18:43:33","guid":{"rendered":"https:\/\/6pekk.hu\/?page_id=1573"},"modified":"2024-08-05T11:12:45","modified_gmt":"2024-08-05T10:12:45","slug":"szemelyi-edzes","status":"publish","type":"page","link":"https:\/\/6pekk.hu\/en\/szemelyi-edzes\/","title":{"rendered":"Personal Training"},"content":{"rendered":"<div class=\"wp-block-uagb-container uagb-block-c61f8af5 alignfull uagb-is-root-container\">\r\n<div class=\"uagb-container-inner-blocks-wrap\">\r\n<div class=\"wp-block-uagb-advanced-heading uagb-block-a9f61422\">\r\n<h1 class=\"uagb-heading-text\">Comprehensive Solution for Transformation<\/h1>\r\n<\/div>\r\n<\/div>\r\n<\/div>\r\n\r\n\r\n\r\n<div class=\"wp-block-uagb-container uagb-block-d5a4d08b alignfull uagb-is-root-container\">\r\n<div class=\"uagb-container-inner-blocks-wrap\">\r\n<div class=\"wp-block-uagb-advanced-heading uagb-block-72cf41da\">\r\n<h2 class=\"uagb-heading-text\">Choose the Service that Best Suits You<\/h2>\r\n<div class=\"uagb-separator\">\u00a0<\/div>\r\n<\/div>\r\n\r\n\r\n\r\n<div class=\"wp-block-uagb-container uagb-block-fdd24d60\">\r\n<div class=\"wp-block-uagb-container uagb-block-97eb2bb1\">\r\n<div class=\"wp-block-uagb-image alignleft uagb-block-5639a440 wp-block-uagb-image--layout-default wp-block-uagb-image--effect-static wp-block-uagb-image--align-left\">\r\n<figure class=\"wp-block-uagb-image__figure\"><img fetchpriority=\"high\" decoding=\"async\" class=\"uag-image-1250\" title=\"\" src=\"https:\/\/6pekk.hu\/wp-content\/uploads\/2024\/02\/IMG_7313-819x1024.webp\" sizes=\"(max-width: 480px) 150px\" srcset=\"https:\/\/6pekk.hu\/wp-content\/uploads\/2024\/02\/IMG_7313-819x1024.webp ,https:\/\/6pekk.hu\/wp-content\/uploads\/2024\/02\/IMG_7313-scaled.webp 780w, https:\/\/6pekk.hu\/wp-content\/uploads\/2024\/02\/IMG_7313-scaled.webp 360w\" alt=\"\" width=\"600\" height=\"300\" \/><\/figure>\r\n<\/div>\r\n<\/div>\r\n\r\n\r\n\r\n<div class=\"wp-block-uagb-container uagb-block-2998277e\">\r\n<div class=\"wp-block-uagb-advanced-heading uagb-block-97560d77\">\r\n<h3 class=\"uagb-heading-text\">Personal Training<\/h3>\r\n<div class=\"uagb-separator\">\u00a0<\/div>\r\n<p class=\"uagb-desc-text\">Choose a trainer<br \/>Free consultation<br \/>60 mins \/ session<br \/><br \/>If you spend these 3 months at any <strong>Fitness 5 &amp; Gym,<\/strong>the first month's pass is <strong>FREE<\/strong>. Just inform the reception that you are a <strong>6pekk <\/strong>member.<br \/><br \/><\/p>\r\n<\/div>\r\n\r\n\r\n\r\n<div class=\"wp-block-uagb-info-box uagb-block-8fb21d3b uagb-infobox__content-wrap  uagb-infobox-icon-above-title uagb-infobox-image-valign-top\">\r\n<div class=\"uagb-ifb-content\">\r\n<div class=\"uagb-ifb-title-wrap\">\r\n<p class=\"uagb-ifb-title\"><strong>25 EUR\u00a0<\/strong><\/p>\r\n<\/div>\r\n<\/div>\r\n<\/div>\r\n<\/div>\r\n<\/div>\r\n\r\n\r\n\r\n<div class=\"wp-block-uagb-container uagb-block-794553cc\">\r\n<h2 class=\"wp-block-heading\">How It Works<\/h2>\r\n\r\n\r\n\r\n<ol class=\"wp-block-list\">\r\n<li><strong>Application and Contact:<\/strong> Sign up for the transformation program online. We will contact you to discuss the details and share additional information.<\/li>\r\n\r\n\r\n\r\n<li><strong>Assessment with Physiotherapist:<\/strong>\u00a0The first step is an assessment conducted by a physiotherapist. This includes reviewing your health history, physical examination, and discussing your goals.<\/li>\r\n\r\n\r\n\r\n<li><strong>Personal Training:<\/strong>\u00a0We will schedule your sessions and begin working together towards your goals.<\/li>\r\n<\/ol>\r\n<\/div>\r\n<\/div>\r\n<\/div>\r\n\r\n\r\n\n<div class=\"wp-block-uagb-container uagb-block-8c3a3045 alignfull uagb-is-root-container\">\n<div class=\"wp-block-uagb-container uagb-block-9762f834\">\n<div class=\"wp-block-uagb-container uagb-block-9ad3a3e8\">\n<div class=\"wp-block-uagb-info-box uagb-block-f48d4988 uagb-infobox__content-wrap  uagb-infobox-icon-above-title uagb-infobox-image-valign-top\"><div class=\"uagb-ifb-content\"><div class=\"uagb-ifb-title-wrap\"><h2 class=\"uagb-ifb-title\">Join Us Today!<\/h2><\/div><p class=\"uagb-ifb-desc\">Start living healthier. Get in touch with us.<\/p><div class=\"uagb-ifb-button-wrapper wp-block-button\"><a href=\"https:\/\/6pekk.hu\/en\/contact\/\" class=\"uagb-infobox-cta-link wp-block-button__link\" target=\"_self\" rel=\"noopener noreferrer\" onclick=\"return true;\" alt=\"\"><span class=\"uagb-inline-editing\">Let\u2019s Get Started!<\/span><\/a><\/div><\/div><\/div>\n<\/div>\n<\/div>\n\n\n\n<div class=\"wp-block-uagb-container uagb-block-949389a5\"><\/div>\n<\/div>\n\r\n\r\n\r\n<div class=\"wp-block-uagb-container uagb-block-f020138a alignfull uagb-is-root-container\">\r\n<div class=\"uagb-container-inner-blocks-wrap\">\u00a0<\/div>\r\n<\/div>","protected":false},"excerpt":{"rendered":"<p>Komplex megold\u00e1s a v\u00e1ltoz\u00e1shoz V\u00e1laszd ki a sz\u00e1modra legmegfelel\u0151bb szolg\u00e1ltat\u00e1st \u00a0 Szem\u00e9lyi edz\u00e9s \u00a0 V\u00e1lassz edz\u0151tIngyenes konzult\u00e1ci\u00f360 perc \/ edz\u00e9s Amennyiben b\u00e1rmelyik Fitness 5 &amp; Gym-ben veszel 3 h\u00f3napos b\u00e9rletet, \u00fagy az els\u0151 havi b\u00e9rlet INGYENES. Csak jelezned kell a recepci\u00f3n, hogy a 6pekk tagja vagy. Mi a menete? \u00a0<\/p>","protected":false},"author":2,"featured_media":0,"parent":0,"menu_order":0,"comment_status":"closed","ping_status":"closed","template":"","meta":{"pmpro_default_level":"","_uag_custom_page_level_css":"","site-sidebar-layout":"no-sidebar","site-content-layout":"plain-container","ast-site-content-layout":"normal-width-container","site-content-style":"unboxed","site-sidebar-style":"unboxed","ast-global-header-display":"","ast-banner-title-visibility":"disabled","ast-main-header-display":"","ast-hfb-above-header-display":"","ast-hfb-below-header-display":"","ast-hfb-mobile-header-display":"","site-post-title":"","ast-breadcrumbs-content":"","ast-featured-img":"","footer-sml-layout":"","theme-transparent-header-meta":"default","adv-header-id-meta":"","stick-header-meta":"","header-above-stick-meta":"","header-main-stick-meta":"","header-below-stick-meta":"","astra-migrate-meta-layouts":"set","ast-page-background-enabled":"default","ast-page-background-meta":{"desktop":{"background-color":"var(--ast-global-color-4)","background-image":"","background-repeat":"repeat","background-position":"center center","background-size":"auto","background-attachment":"scroll","background-type":"","background-media":"","overlay-type":"","overlay-color":"","overlay-gradient":""},"tablet":{"background-color":"","background-image":"","background-repeat":"repeat","background-position":"center center","background-size":"auto","background-attachment":"scroll","background-type":"","background-media":"","overlay-type":"","overlay-color":"","overlay-gradient":""},"mobile":{"background-color":"","background-image":"","background-repeat":"repeat","background-position":"center center","background-size":"auto","background-attachment":"scroll","background-type":"","background-media":"","overlay-type":"","overlay-color":"","overlay-gradient":""}},"ast-content-background-meta":{"desktop":{"background-color":"var(--ast-global-color-5)","background-image":"","background-repeat":"repeat","background-position":"center center","background-size":"auto","background-attachment":"scroll","background-type":"","background-media":"","overlay-type":"","overlay-color":"","overlay-gradient":""},"tablet":{"background-color":"var(--ast-global-color-5)","background-image":"","background-repeat":"repeat","background-position":"center center","background-size":"auto","background-attachment":"scroll","background-type":"","background-media":"","overlay-type":"","overlay-color":"","overlay-gradient":""},"mobile":{"background-color":"var(--ast-global-color-5)","background-image":"","background-repeat":"repeat","background-position":"center center","background-size":"auto","background-attachment":"scroll","background-type":"","background-media":"","overlay-type":"","overlay-color":"","overlay-gradient":""}},"footnotes":""},"class_list":["post-1573","page","type-page","status-publish","hentry","pmpro-has-access"],"uagb_featured_image_src":{"full":false,"thumbnail":false,"medium":false,"medium_large":false,"large":false,"1536x1536":false,"2048x2048":false,"trp-custom-language-flag":false},"uagb_author_info":{"display_name":"Bandor93","author_link":"https:\/\/6pekk.hu\/en\/author\/bandor93\/"},"uagb_comment_info":0,"uagb_excerpt":"Komplex megold\u00e1s a v\u00e1ltoz\u00e1shoz V\u00e1laszd ki a sz\u00e1modra legmegfelel\u0151bb szolg\u00e1ltat\u00e1st \u00a0 Szem\u00e9lyi edz\u00e9s \u00a0 V\u00e1lassz edz\u0151tIngyenes konzult\u00e1ci\u00f360 perc \/ edz\u00e9s Amennyiben b\u00e1rmelyik Fitness 5 &amp; Gym-ben veszel 3 h\u00f3napos b\u00e9rletet, \u00fagy az els\u0151 havi b\u00e9rlet INGYENES. Csak jelezned kell a recepci\u00f3n, hogy a 6pekk tagja vagy. Mi a menete? \u00a0","_links":{"self":[{"href":"https:\/\/6pekk.hu\/en\/wp-json\/wp\/v2\/pages\/1573","targetHints":{"allow":["GET"]}}],"collection":[{"href":"https:\/\/6pekk.hu\/en\/wp-json\/wp\/v2\/pages"}],"about":[{"href":"https:\/\/6pekk.hu\/en\/wp-json\/wp\/v2\/types\/page"}],"author":[{"embeddable":true,"href":"https:\/\/6pekk.hu\/en\/wp-json\/wp\/v2\/users\/2"}],"replies":[{"embeddable":true,"href":"https:\/\/6pekk.hu\/en\/wp-json\/wp\/v2\/comments?post=1573"}],"version-history":[{"count":11,"href":"https:\/\/6pekk.hu\/en\/wp-json\/wp\/v2\/pages\/1573\/revisions"}],"predecessor-version":[{"id":2758,"href":"https:\/\/6pekk.hu\/en\/wp-json\/wp\/v2\/pages\/1573\/revisions\/2758"}],"wp:attachment":[{"href":"https:\/\/6pekk.hu\/en\/wp-json\/wp\/v2\/media?parent=1573"}],"curies":[{"name":"wp","href":"https:\/\/api.w.org\/{rel}","templated":true}]}}